{"id":10296,"date":"2022-01-04T19:39:34","date_gmt":"2022-01-04T18:39:34","guid":{"rendered":"https:\/\/www.baterija.top\/product\/car-charger-12v-2-58a-36w-for-microsoft-surface-surface-2-surface-pro-surface-pro-2\/"},"modified":"2022-01-12T19:32:26","modified_gmt":"2022-01-12T18:32:26","slug":"car-charger-12v-2-58a-36w-for-microsoft-surface-surface-2-surface-pro-surface-pro-2","status":"publish","type":"product","link":"http:\/\/www.baterija.top\/sl\/izdelek\/car-charger-12v-2-58a-36w-for-microsoft-surface-surface-2-surface-pro-surface-pro-2\/","title":{"rendered":"Avtopolnilec 12V 2.58A 36W za Microsoft Surface, Surface 2, Surface Pro, Surface Pro 2"},"content":{"rendered":"","protected":false},"excerpt":{"rendered":"<p>Garancija: 12 mesecev<\/p>\n<p>Mo\u010d: 36W<\/p>\n<p>Napetost: 12V<\/p>\n<p>Barva: \u010drna<\/p>\n<p>Koda izdelka: CAD37<\/p>\n<p>Proizvajalec: Green Cell<\/p>\n<p>Ampera\u017ea: 2,58 A<\/p>\n<p>Vrsta vti\u010da: plo\u0161\u010dati (5pin)<\/p>\n<p>Varnost: termi\u010dna, prenapetostna, za\u0161\u010dita pred kratkim stikom<\/p>","protected":false},"featured_media":10291,"comment_status":"open","ping_status":"closed","template":"","meta":[],"product_cat":[95],"product_tag":[],"_links":{"self":[{"href":"http:\/\/www.baterija.top\/sl\/wp-json\/wp\/v2\/product\/10296"}],"collection":[{"href":"http:\/\/www.baterija.top\/sl\/wp-json\/wp\/v2\/product"}],"about":[{"href":"http:\/\/www.baterija.top\/sl\/wp-json\/wp\/v2\/types\/product"}],"replies":[{"embeddable":true,"href":"http:\/\/www.baterija.top\/sl\/wp-json\/wp\/v2\/comments?post=10296"}],"wp:featuredmedia":[{"embeddable":true,"href":"http:\/\/www.baterija.top\/sl\/wp-json\/wp\/v2\/media\/10291"}],"wp:attachment":[{"href":"http:\/\/www.baterija.top\/sl\/wp-json\/wp\/v2\/media?parent=10296"}],"wp:term":[{"taxonomy":"product_cat","embeddable":true,"href":"http:\/\/www.baterija.top\/sl\/wp-json\/wp\/v2\/product_cat?post=10296"},{"taxonomy":"product_tag","embeddable":true,"href":"http:\/\/www.baterija.top\/sl\/wp-json\/wp\/v2\/product_tag?post=10296"}],"curies":[{"name":"wp","href":"https:\/\/api.w.org\/{rel}","templated":true}]}}