{"id":11208,"date":"2022-01-04T20:50:58","date_gmt":"2022-01-04T19:50:58","guid":{"rendered":"https:\/\/www.baterija.top\/product\/adowarka-prostownik-green-cell-do-akumulatorw-6v-12v-1-5a\/"},"modified":"2022-01-16T11:32:41","modified_gmt":"2022-01-16T10:32:41","slug":"adowarka-prostownik-green-cell-do-akumulatorw-6v-12v-1-5a","status":"publish","type":"product","link":"http:\/\/www.baterija.top\/sl\/izdelek\/adowarka-prostownik-green-cell-do-akumulatorw-6v-12v-1-5a\/","title":{"rendered":"\u0141adowarka, pralni stroj Green Cell do akumulatorja 6V \/ 12V (1.5A)"},"content":{"rendered":"","protected":false},"excerpt":{"rendered":"<p>Garancija: 12 mesecev<\/p>\n<p>Mo\u010d: 9\/18W<\/p>\n<p>Izhod: 1,5 A (optimalno avtomatsko dopasowanie)<\/p>\n<p>Barva: \u010drna<\/p>\n<p>Za\u0161\u010dita pred preobremenitvijo: Da<\/p>\n<p>\u0160ifra izdelka: ACAGM09<\/p>\n<p>Proizvajalec: Green Cell<\/p>\n<p>Vklju\u010deno: \u0141adowarka (z klemami), instrukcja obs\u0142ugi<\/p>\n<p>Vhod: 100-240 V AC, 50\/60 Hz<\/p>\n<p>Zaznavanje obrnjene polarnosti: Tak<\/p>\n<p>Za\u0161\u010dita pred kratkim stikom: Tak<\/p>","protected":false},"featured_media":11203,"comment_status":"open","ping_status":"closed","template":"","meta":[],"product_cat":[225],"product_tag":[],"_links":{"self":[{"href":"http:\/\/www.baterija.top\/sl\/wp-json\/wp\/v2\/product\/11208"}],"collection":[{"href":"http:\/\/www.baterija.top\/sl\/wp-json\/wp\/v2\/product"}],"about":[{"href":"http:\/\/www.baterija.top\/sl\/wp-json\/wp\/v2\/types\/product"}],"replies":[{"embeddable":true,"href":"http:\/\/www.baterija.top\/sl\/wp-json\/wp\/v2\/comments?post=11208"}],"wp:featuredmedia":[{"embeddable":true,"href":"http:\/\/www.baterija.top\/sl\/wp-json\/wp\/v2\/media\/11203"}],"wp:attachment":[{"href":"http:\/\/www.baterija.top\/sl\/wp-json\/wp\/v2\/media?parent=11208"}],"wp:term":[{"taxonomy":"product_cat","embeddable":true,"href":"http:\/\/www.baterija.top\/sl\/wp-json\/wp\/v2\/product_cat?post=11208"},{"taxonomy":"product_tag","embeddable":true,"href":"http:\/\/www.baterija.top\/sl\/wp-json\/wp\/v2\/product_tag?post=11208"}],"curies":[{"name":"wp","href":"https:\/\/api.w.org\/{rel}","templated":true}]}}