{"id":11304,"date":"2022-01-04T20:56:42","date_gmt":"2022-01-04T19:56:42","guid":{"rendered":"https:\/\/www.baterija.top\/product\/green-cell-gimbal-battery-for-dji-osmo-osmo-osmo-mobile-osmo-pro-osmo-raw-11-1v-980mah-10-8wh\/"},"modified":"2022-01-12T19:32:35","modified_gmt":"2022-01-12T18:32:35","slug":"green-cell-gimbal-battery-for-dji-osmo-osmo-osmo-mobile-osmo-pro-osmo-raw-11-1v-980mah-10-8wh","status":"publish","type":"product","link":"http:\/\/www.baterija.top\/sl\/izdelek\/green-cell-gimbal-battery-for-dji-osmo-osmo-osmo-mobile-osmo-pro-osmo-raw-11-1v-980mah-10-8wh\/","title":{"rendered":"Green Cell Gimbal baterija za DJI Osmo, Osmo+, Osmo Mobile, Osmo Pro, Osmo RAW 11.1V 980mAh 10.8Wh"},"content":{"rendered":"<p>Zdru\u017eljive naprave:<\/p>\n<p>DJI CP.ZM.000412, DJI CP.ZM.000219, DJI CP.ZM.000425, DJI CP.ZM.000499, DJI Osmo OM160, DJI Osmo, DJI Osmo Mobile, DJI Osmo Pro, DJI Osmo RAW, DJI Osmo Plus , <\/p>\n<p>Zdru\u017eljivi modeli:<\/p>\n<p>007009, 008940, CP.ZM.000370, CP.ZM.000376, DJI0650-07, DJI0654-02, HB01-522365, HB02-542465, <\/p>","protected":false},"excerpt":{"rendered":"<p>Garancija: 12 mesecev<\/p>\n<p>Proizvajalec celic: Green Cell<\/p>\n<p>Napetost: 11,1 V<\/p>\n<p>Tehnologija celic: Li-Polymer<\/p>\n<p>Barva: \u010drna<\/p>\n<p>Za\u0161\u010dita pred preobremenitvijo: Da<\/p>\n<p>Za\u0161\u010dita pred preobremenitvijo: Da<\/p>\n<p>\u0160ifra izdelka: DJI05<\/p>\n<p>Proizvajalec: Green Cell<\/p>\n<p>Velikost: 78 x 26 x 22 mm<\/p>\n<p>Te\u017ea: 68g<\/p>\n<p>Kapaciteta: 980 mAh<\/p>\n<p>\u010cas dela: 60 minut<\/p>\n<p>Prilo\u017eeno: baterija, uporabni\u0161ki priro\u010dnik<\/p>\n<p>Za\u0161\u010dita pred kratkim stikom: Tak<\/p>","protected":false},"featured_media":11299,"comment_status":"open","ping_status":"closed","template":"","meta":[],"product_cat":[123],"product_tag":[],"_links":{"self":[{"href":"http:\/\/www.baterija.top\/sl\/wp-json\/wp\/v2\/product\/11304"}],"collection":[{"href":"http:\/\/www.baterija.top\/sl\/wp-json\/wp\/v2\/product"}],"about":[{"href":"http:\/\/www.baterija.top\/sl\/wp-json\/wp\/v2\/types\/product"}],"replies":[{"embeddable":true,"href":"http:\/\/www.baterija.top\/sl\/wp-json\/wp\/v2\/comments?post=11304"}],"wp:featuredmedia":[{"embeddable":true,"href":"http:\/\/www.baterija.top\/sl\/wp-json\/wp\/v2\/media\/11299"}],"wp:attachment":[{"href":"http:\/\/www.baterija.top\/sl\/wp-json\/wp\/v2\/media?parent=11304"}],"wp:term":[{"taxonomy":"product_cat","embeddable":true,"href":"http:\/\/www.baterija.top\/sl\/wp-json\/wp\/v2\/product_cat?post=11304"},{"taxonomy":"product_tag","embeddable":true,"href":"http:\/\/www.baterija.top\/sl\/wp-json\/wp\/v2\/product_tag?post=11304"}],"curies":[{"name":"wp","href":"https:\/\/api.w.org\/{rel}","templated":true}]}}