{"id":11510,"date":"2022-01-04T21:16:17","date_gmt":"2022-01-04T20:16:17","guid":{"rendered":"https:\/\/www.baterija.top\/product\/green-cell-ebike-battery-silverfish-24v-272ah-653wh-e-bike-pedelec\/"},"modified":"2022-01-12T19:32:37","modified_gmt":"2022-01-12T18:32:37","slug":"green-cell-ebike-battery-silverfish-24v-272ah-653wh-e-bike-pedelec","status":"publish","type":"product","link":"http:\/\/www.baterija.top\/sl\/izdelek\/green-cell-ebike-battery-silverfish-24v-272ah-653wh-e-bike-pedelec\/","title":{"rendered":"Green Cell baterija za eBike Silverfish 24V 27,2Ah 653Wh E-bike Pedelec"},"content":{"rendered":"","protected":false},"excerpt":{"rendered":"<p>Garancija: 12 mesecev<\/p>\n<p>Izhod: 4 pin<\/p>\n<p>Vhod: top<\/p>\n<p>Proizvajalec celic: Panasonic<\/p>\n<p>Napetost: 24V<\/p>\n<p>Tehnologija celic: Li-Ion<\/p>\n<p>Product code: EBIKE39U<\/p>\n<p>Proizvajalec: Green Cell<\/p>\n<p>Size: 11 x 7,2 x 39,2 cm<\/p>\n<p>Weight: 4,1kg<\/p>\n<p>Capacity: 27.2Ah<\/p>\n<p>Indikator: LED indikatorji<\/p>\n<p>Range: from 80 km up to 160 km<\/p>\n<p>Prilo\u017eeno: Baterija, polnilec, klju\u010di, priro\u010dnik<\/p>\n<p>Vrsta ohi\u0161ja: Srebrna ribica<\/p>\n<p>Engine power up to: up to 1500W<\/p>","protected":false},"featured_media":11505,"comment_status":"open","ping_status":"closed","template":"","meta":[],"product_cat":[136],"product_tag":[],"_links":{"self":[{"href":"http:\/\/www.baterija.top\/sl\/wp-json\/wp\/v2\/product\/11510"}],"collection":[{"href":"http:\/\/www.baterija.top\/sl\/wp-json\/wp\/v2\/product"}],"about":[{"href":"http:\/\/www.baterija.top\/sl\/wp-json\/wp\/v2\/types\/product"}],"replies":[{"embeddable":true,"href":"http:\/\/www.baterija.top\/sl\/wp-json\/wp\/v2\/comments?post=11510"}],"wp:featuredmedia":[{"embeddable":true,"href":"http:\/\/www.baterija.top\/sl\/wp-json\/wp\/v2\/media\/11505"}],"wp:attachment":[{"href":"http:\/\/www.baterija.top\/sl\/wp-json\/wp\/v2\/media?parent=11510"}],"wp:term":[{"taxonomy":"product_cat","embeddable":true,"href":"http:\/\/www.baterija.top\/sl\/wp-json\/wp\/v2\/product_cat?post=11510"},{"taxonomy":"product_tag","embeddable":true,"href":"http:\/\/www.baterija.top\/sl\/wp-json\/wp\/v2\/product_tag?post=11510"}],"curies":[{"name":"wp","href":"https:\/\/api.w.org\/{rel}","templated":true}]}}