{"id":11562,"date":"2022-01-04T21:20:49","date_gmt":"2022-01-04T20:20:49","guid":{"rendered":"https:\/\/www.baterija.top\/product\/battery-green-cell-rear-rack-24v-8-8ah-211wh-for-e-bike-pedelec\/"},"modified":"2022-01-12T19:32:38","modified_gmt":"2022-01-12T18:32:38","slug":"battery-green-cell-rear-rack-24v-8-8ah-211wh-for-e-bike-pedelec","status":"publish","type":"product","link":"http:\/\/www.baterija.top\/sl\/izdelek\/battery-green-cell-rear-rack-24v-8-8ah-211wh-for-e-bike-pedelec\/","title":{"rendered":"Baterija Green Cell Rear Rack 24V 8.8Ah 211Wh za E-bike Pedelec"},"content":{"rendered":"","protected":false},"excerpt":{"rendered":"<p>Garancija: 12 mesecev<\/p>\n<p>Izhod: 4 pin<\/p>\n<p>Vhod: RCA<\/p>\n<p>Proizvajalec celic: Green Cell<\/p>\n<p>Tehnologija celic: Li-Ion<\/p>\n<p>Product code: EBIKE19STD<\/p>\n<p>Proizvajalec: Green Cell<\/p>\n<p>Velikost: 37,5 x 15 x 8,5 cm<\/p>\n<p>Weight: 2.6kg<\/p>\n<p>Kapaciteta: 8,8 Ah<\/p>\n<p>Indikator: LED indikatorji<\/p>\n<p>Napetost: 24V<\/p>\n<p>Domet: od 30 km do 60 km<\/p>\n<p>Vklju\u010deno: Bateria, \u0142adowarka, kluczyki do zabezpieczenia, instrukcja<\/p>\n<p>Vrsta kov\u010dka: zadnji prtlja\u017enik (name\u0161\u010den na prtlja\u017enik)<\/p>\n<p>Mo\u010d motorja do: do 250W<\/p>","protected":false},"featured_media":11557,"comment_status":"open","ping_status":"closed","template":"","meta":[],"product_cat":[136],"product_tag":[],"_links":{"self":[{"href":"http:\/\/www.baterija.top\/sl\/wp-json\/wp\/v2\/product\/11562"}],"collection":[{"href":"http:\/\/www.baterija.top\/sl\/wp-json\/wp\/v2\/product"}],"about":[{"href":"http:\/\/www.baterija.top\/sl\/wp-json\/wp\/v2\/types\/product"}],"replies":[{"embeddable":true,"href":"http:\/\/www.baterija.top\/sl\/wp-json\/wp\/v2\/comments?post=11562"}],"wp:featuredmedia":[{"embeddable":true,"href":"http:\/\/www.baterija.top\/sl\/wp-json\/wp\/v2\/media\/11557"}],"wp:attachment":[{"href":"http:\/\/www.baterija.top\/sl\/wp-json\/wp\/v2\/media?parent=11562"}],"wp:term":[{"taxonomy":"product_cat","embeddable":true,"href":"http:\/\/www.baterija.top\/sl\/wp-json\/wp\/v2\/product_cat?post=11562"},{"taxonomy":"product_tag","embeddable":true,"href":"http:\/\/www.baterija.top\/sl\/wp-json\/wp\/v2\/product_tag?post=11562"}],"curies":[{"name":"wp","href":"https:\/\/api.w.org\/{rel}","templated":true}]}}