{"id":12166,"date":"2022-01-04T22:21:33","date_gmt":"2022-01-04T21:21:33","guid":{"rendered":"https:\/\/www.baterija.top\/product\/green-cell-tablet-battery-a1546-apple-ipad-mini-4-a1538-a1550\/"},"modified":"2022-01-12T19:32:42","modified_gmt":"2022-01-12T18:32:42","slug":"green-cell-tablet-battery-a1546-apple-ipad-mini-4-a1538-a1550","status":"publish","type":"product","link":"http:\/\/www.baterija.top\/sl\/izdelek\/green-cell-tablet-battery-a1546-apple-ipad-mini-4-a1538-a1550\/","title":{"rendered":"Green Cell baterija za tabli\u010dni ra\u010dunalnik A1546 Apple iPad Mini 4 A1538 A1550"},"content":{"rendered":"<p>Zdru\u017eljive naprave:<\/p>\n<p>Apple iPad Mini, <\/p>\n<p>Zdru\u017eljivi modeli:<\/p>\n<p>A1546, 020-00295, 020-00297, <\/p>","protected":false},"excerpt":{"rendered":"<p>Garancija: 12 mesecev<\/p>\n<p>Proizvajalec celic: Green Cell<\/p>\n<p>Napetost: 3,8V<\/p>\n<p>Tehnologija celic: Li-Poly<\/p>\n<p>Vrsta: Li-polimer<\/p>\n<p>Barva: \u010drna<\/p>\n<p>Za\u0161\u010dita pred preobremenitvijo: Da<\/p>\n<p>Za\u0161\u010dita pred preobremenitvijo: Da<\/p>\n<p>\u0160ifra izdelka: TAB19<\/p>\n<p>Proizvajalec: Green Cell<\/p>\n<p>Kapaciteta: 5100 mAh<\/p>\n<p>Serija: Polimer<\/p>","protected":false},"featured_media":12161,"comment_status":"open","ping_status":"closed","template":"","meta":[],"product_cat":[143],"product_tag":[],"_links":{"self":[{"href":"http:\/\/www.baterija.top\/sl\/wp-json\/wp\/v2\/product\/12166"}],"collection":[{"href":"http:\/\/www.baterija.top\/sl\/wp-json\/wp\/v2\/product"}],"about":[{"href":"http:\/\/www.baterija.top\/sl\/wp-json\/wp\/v2\/types\/product"}],"replies":[{"embeddable":true,"href":"http:\/\/www.baterija.top\/sl\/wp-json\/wp\/v2\/comments?post=12166"}],"wp:featuredmedia":[{"embeddable":true,"href":"http:\/\/www.baterija.top\/sl\/wp-json\/wp\/v2\/media\/12161"}],"wp:attachment":[{"href":"http:\/\/www.baterija.top\/sl\/wp-json\/wp\/v2\/media?parent=12166"}],"wp:term":[{"taxonomy":"product_cat","embeddable":true,"href":"http:\/\/www.baterija.top\/sl\/wp-json\/wp\/v2\/product_cat?post=12166"},{"taxonomy":"product_tag","embeddable":true,"href":"http:\/\/www.baterija.top\/sl\/wp-json\/wp\/v2\/product_tag?post=12166"}],"curies":[{"name":"wp","href":"https:\/\/api.w.org\/{rel}","templated":true}]}}