{"id":12783,"date":"2022-01-05T17:30:44","date_gmt":"2022-01-05T16:30:44","guid":{"rendered":"https:\/\/www.baterija.top\/product\/gc-clarity-screen-protector-for-huawei-p20-pro\/"},"modified":"2022-01-12T19:32:57","modified_gmt":"2022-01-12T18:32:57","slug":"gc-clarity-screen-protector-for-huawei-p20-pro","status":"publish","type":"product","link":"http:\/\/www.baterija.top\/sl\/izdelek\/gc-clarity-screen-protector-for-huawei-p20-pro\/","title":{"rendered":"Za\u0161\u010dita zaslona GC Clarity za Huawei P20 Pro"},"content":{"rendered":"<p>Zdru\u017eljive naprave:<\/p>\n<p>Huawei P20 Pro, <\/p>\n<p>Zdru\u017eljivi modeli:<\/p>","protected":false},"excerpt":{"rendered":"<p>Garancija: 6 mesecev<\/p>\n<p>\u0160ifra izdelka: GL20<\/p>\n<p>Proizvajalec: Green Cell<\/p>\n<p>Stekleni robovi: 3D<\/p>\n<p>Debelina: 0,33 mm<\/p>\n<p>Tehnika lepljenja: stransko lepilo<\/p>\n<p>Odpornost na praske (trdota): 9H<\/p>","protected":false},"featured_media":12778,"comment_status":"open","ping_status":"closed","template":"","meta":[],"product_cat":[178],"product_tag":[],"_links":{"self":[{"href":"http:\/\/www.baterija.top\/sl\/wp-json\/wp\/v2\/product\/12783"}],"collection":[{"href":"http:\/\/www.baterija.top\/sl\/wp-json\/wp\/v2\/product"}],"about":[{"href":"http:\/\/www.baterija.top\/sl\/wp-json\/wp\/v2\/types\/product"}],"replies":[{"embeddable":true,"href":"http:\/\/www.baterija.top\/sl\/wp-json\/wp\/v2\/comments?post=12783"}],"wp:featuredmedia":[{"embeddable":true,"href":"http:\/\/www.baterija.top\/sl\/wp-json\/wp\/v2\/media\/12778"}],"wp:attachment":[{"href":"http:\/\/www.baterija.top\/sl\/wp-json\/wp\/v2\/media?parent=12783"}],"wp:term":[{"taxonomy":"product_cat","embeddable":true,"href":"http:\/\/www.baterija.top\/sl\/wp-json\/wp\/v2\/product_cat?post=12783"},{"taxonomy":"product_tag","embeddable":true,"href":"http:\/\/www.baterija.top\/sl\/wp-json\/wp\/v2\/product_tag?post=12783"}],"curies":[{"name":"wp","href":"https:\/\/api.w.org\/{rel}","templated":true}]}}