{"id":12873,"date":"2022-01-05T17:35:53","date_gmt":"2022-01-05T16:35:53","guid":{"rendered":"https:\/\/www.baterija.top\/product\/2x-screen-protector-gc-clarity-for-apple-watch-4-5-44mm\/"},"modified":"2022-01-12T19:32:58","modified_gmt":"2022-01-12T18:32:58","slug":"2x-screen-protector-gc-clarity-for-apple-watch-4-5-44mm","status":"publish","type":"product","link":"http:\/\/www.baterija.top\/sl\/izdelek\/2x-screen-protector-gc-clarity-for-apple-watch-4-5-44mm\/","title":{"rendered":"2x Za\u0161\u010dita zaslona GC Clarity za Apple Watch 4\/5 44 mm"},"content":{"rendered":"<p>Zdru\u017eljive naprave:<\/p>\n<p>Apple Watch 4, Apple Watch 5, <\/p>\n<p>Zdru\u017eljivi modeli:<\/p>","protected":false},"excerpt":{"rendered":"<p>Garancija: 6 mesecev<\/p>\n<p>\u0160ifra izdelka: GL70<\/p>\n<p>Proizvajalec: Green Cell<\/p>\n<p>Model: Apple Watch 4\/5 44 mm<\/p>\n<p>Dodatne lastnosti:: oleofobna plast<\/p>\n<p>Prilo\u017eeno: za\u0161\u010dita za zaslon GC Clarity, krpa iz mikrovlaken, mokra krpa, nalepka za odstranjevanje prahu<\/p>\n<p>Stekleni robovi: 2,5D<\/p>\n<p>Debelina: 0,33 cm<\/p>\n<p>Tehnika lepljenja: polno lepilo<\/p>\n<p>Odpornost na praske (trdota): 9H<\/p>","protected":false},"featured_media":12868,"comment_status":"open","ping_status":"closed","template":"","meta":[],"product_cat":[178],"product_tag":[],"_links":{"self":[{"href":"http:\/\/www.baterija.top\/sl\/wp-json\/wp\/v2\/product\/12873"}],"collection":[{"href":"http:\/\/www.baterija.top\/sl\/wp-json\/wp\/v2\/product"}],"about":[{"href":"http:\/\/www.baterija.top\/sl\/wp-json\/wp\/v2\/types\/product"}],"replies":[{"embeddable":true,"href":"http:\/\/www.baterija.top\/sl\/wp-json\/wp\/v2\/comments?post=12873"}],"wp:featuredmedia":[{"embeddable":true,"href":"http:\/\/www.baterija.top\/sl\/wp-json\/wp\/v2\/media\/12868"}],"wp:attachment":[{"href":"http:\/\/www.baterija.top\/sl\/wp-json\/wp\/v2\/media?parent=12873"}],"wp:term":[{"taxonomy":"product_cat","embeddable":true,"href":"http:\/\/www.baterija.top\/sl\/wp-json\/wp\/v2\/product_cat?post=12873"},{"taxonomy":"product_tag","embeddable":true,"href":"http:\/\/www.baterija.top\/sl\/wp-json\/wp\/v2\/product_tag?post=12873"}],"curies":[{"name":"wp","href":"https:\/\/api.w.org\/{rel}","templated":true}]}}