{"id":12885,"date":"2022-01-05T17:36:37","date_gmt":"2022-01-05T16:36:37","guid":{"rendered":"https:\/\/www.baterija.top\/product\/gc-clarity-screen-protector-for-samsung-galaxy-a7-2018\/"},"modified":"2022-01-12T19:32:58","modified_gmt":"2022-01-12T18:32:58","slug":"gc-clarity-screen-protector-for-samsung-galaxy-a7-2018","status":"publish","type":"product","link":"http:\/\/www.baterija.top\/sl\/izdelek\/gc-clarity-screen-protector-for-samsung-galaxy-a7-2018\/","title":{"rendered":"Za\u0161\u010dita zaslona GC Clarity za Samsung Galaxy A7 2018"},"content":{"rendered":"","protected":false},"excerpt":{"rendered":"<p>Garancija: 6 mesecev<\/p>\n<p>\u0160ifra izdelka: GL34<\/p>\n<p>Proizvajalec: Green Cell<\/p>\n<p>Model: Samsung Galaxy A7 2018<\/p>\n<p>Dodatne lastnosti:: oleofobna plast<\/p>\n<p>Prilo\u017eeno: za\u0161\u010dita zaslona GC Clarity, mikrovlakna, mokra krpa, nalepke za odstranjevanje prahu<\/p>\n<p>Stekleni robovi: 2,5D<\/p>\n<p>Debelina: 0,33 cm<\/p>\n<p>Tehnika lepljenja: polno lepilo<\/p>\n<p>Odpornost na praske (trdota): 9H<\/p>","protected":false},"featured_media":12880,"comment_status":"open","ping_status":"closed","template":"","meta":[],"product_cat":[178],"product_tag":[],"_links":{"self":[{"href":"http:\/\/www.baterija.top\/sl\/wp-json\/wp\/v2\/product\/12885"}],"collection":[{"href":"http:\/\/www.baterija.top\/sl\/wp-json\/wp\/v2\/product"}],"about":[{"href":"http:\/\/www.baterija.top\/sl\/wp-json\/wp\/v2\/types\/product"}],"replies":[{"embeddable":true,"href":"http:\/\/www.baterija.top\/sl\/wp-json\/wp\/v2\/comments?post=12885"}],"wp:featuredmedia":[{"embeddable":true,"href":"http:\/\/www.baterija.top\/sl\/wp-json\/wp\/v2\/media\/12880"}],"wp:attachment":[{"href":"http:\/\/www.baterija.top\/sl\/wp-json\/wp\/v2\/media?parent=12885"}],"wp:term":[{"taxonomy":"product_cat","embeddable":true,"href":"http:\/\/www.baterija.top\/sl\/wp-json\/wp\/v2\/product_cat?post=12885"},{"taxonomy":"product_tag","embeddable":true,"href":"http:\/\/www.baterija.top\/sl\/wp-json\/wp\/v2\/product_tag?post=12885"}],"curies":[{"name":"wp","href":"https:\/\/api.w.org\/{rel}","templated":true}]}}