{"id":12948,"date":"2022-01-05T21:42:49","date_gmt":"2022-01-05T20:42:49","guid":{"rendered":"https:\/\/www.baterija.top\/product\/2x-gc-clarity-screen-protector-for-apple-ipad-pro-12-9-2018-2020\/"},"modified":"2022-01-12T19:32:58","modified_gmt":"2022-01-12T18:32:58","slug":"2x-gc-clarity-screen-protector-for-apple-ipad-pro-12-9-2018-2020","status":"publish","type":"product","link":"http:\/\/www.baterija.top\/sl\/izdelek\/2x-gc-clarity-screen-protector-for-apple-ipad-pro-12-9-2018-2020\/","title":{"rendered":"2x GC Clarity Screen Protector za Apple iPad Pro 12.9 (2018\/2020)"},"content":{"rendered":"<p>Zdru\u017eljive naprave:<\/p>\n<p>iPad Pro 12.9, iPad A1876, iPad A1895, iPad A1983, iPad A2229, iPad A2232, iPad A2233, <\/p>\n<p>Zdru\u017eljivi modeli:<\/p>","protected":false},"excerpt":{"rendered":"<p>Garancija: 6 mesecev<\/p>\n<p>\u0160ifra izdelka: GL67<\/p>\n<p>Proizvajalec: Green Cell<\/p>\n<p>Dodatne lastnosti:: oleofobna plast<\/p>\n<p>Prilo\u017eeno: 2x GC Clarity za\u0161\u010ditni zaslon, 2x mokra krpa, 2x nalepka za odstranjevanje prahu, 1x mikrovlaken<\/p>\n<p>Stekleni robovi: 2,5D<\/p>\n<p>Debelina: 0,33 cm<\/p>\n<p>Tehnika lepljenja: polno lepilo<\/p>\n<p>Odpornost na praske (trdota): 9H<\/p>","protected":false},"featured_media":12943,"comment_status":"open","ping_status":"closed","template":"","meta":[],"product_cat":[178],"product_tag":[],"_links":{"self":[{"href":"http:\/\/www.baterija.top\/sl\/wp-json\/wp\/v2\/product\/12948"}],"collection":[{"href":"http:\/\/www.baterija.top\/sl\/wp-json\/wp\/v2\/product"}],"about":[{"href":"http:\/\/www.baterija.top\/sl\/wp-json\/wp\/v2\/types\/product"}],"replies":[{"embeddable":true,"href":"http:\/\/www.baterija.top\/sl\/wp-json\/wp\/v2\/comments?post=12948"}],"wp:featuredmedia":[{"embeddable":true,"href":"http:\/\/www.baterija.top\/sl\/wp-json\/wp\/v2\/media\/12943"}],"wp:attachment":[{"href":"http:\/\/www.baterija.top\/sl\/wp-json\/wp\/v2\/media?parent=12948"}],"wp:term":[{"taxonomy":"product_cat","embeddable":true,"href":"http:\/\/www.baterija.top\/sl\/wp-json\/wp\/v2\/product_cat?post=12948"},{"taxonomy":"product_tag","embeddable":true,"href":"http:\/\/www.baterija.top\/sl\/wp-json\/wp\/v2\/product_tag?post=12948"}],"curies":[{"name":"wp","href":"https:\/\/api.w.org\/{rel}","templated":true}]}}