{"id":12960,"date":"2022-01-05T21:43:18","date_gmt":"2022-01-05T20:43:18","guid":{"rendered":"https:\/\/www.baterija.top\/product\/screen-protector-for-xiaomi-redmi-note-8t-tempered-glass-gc-clarity-9h-military-grade-invisible-cover\/"},"modified":"2022-01-12T19:32:58","modified_gmt":"2022-01-12T18:32:58","slug":"screen-protector-for-xiaomi-redmi-note-8t-tempered-glass-gc-clarity-9h-military-grade-invisible-cover","status":"publish","type":"product","link":"http:\/\/www.baterija.top\/sl\/izdelek\/screen-protector-for-xiaomi-redmi-note-8t-tempered-glass-gc-clarity-9h-military-grade-invisible-cover\/","title":{"rendered":"Za\u0161\u010dita zaslona za Xiaomi Redmi Note 8T Kaljeno steklo GC Clarity 9H voja\u0161ki neviden ovitek"},"content":{"rendered":"<p>Zdru\u017eljive naprave:<\/p>\n<p>Xiaomi Redmi Note, Xiaomi M1908C3XG, <\/p>\n<p>Zdru\u017eljivi modeli:<\/p>","protected":false},"excerpt":{"rendered":"<p>Garancija: 6 mesecev<\/p>\n<p>\u0160ifra izdelka: GL56<\/p>\n<p>Proizvajalec: Green Cell<\/p>\n<p>Model: Xiaomi Redmi Note 8T<\/p>\n<p>Stekleni robovi: 2,5D<\/p>\n<p>Tehnika lepljenja: polno lepilo<\/p>\n<p>Odpornost na praske (trdota): 9H<\/p>","protected":false},"featured_media":12955,"comment_status":"open","ping_status":"closed","template":"","meta":[],"product_cat":[178],"product_tag":[],"_links":{"self":[{"href":"http:\/\/www.baterija.top\/sl\/wp-json\/wp\/v2\/product\/12960"}],"collection":[{"href":"http:\/\/www.baterija.top\/sl\/wp-json\/wp\/v2\/product"}],"about":[{"href":"http:\/\/www.baterija.top\/sl\/wp-json\/wp\/v2\/types\/product"}],"replies":[{"embeddable":true,"href":"http:\/\/www.baterija.top\/sl\/wp-json\/wp\/v2\/comments?post=12960"}],"wp:featuredmedia":[{"embeddable":true,"href":"http:\/\/www.baterija.top\/sl\/wp-json\/wp\/v2\/media\/12955"}],"wp:attachment":[{"href":"http:\/\/www.baterija.top\/sl\/wp-json\/wp\/v2\/media?parent=12960"}],"wp:term":[{"taxonomy":"product_cat","embeddable":true,"href":"http:\/\/www.baterija.top\/sl\/wp-json\/wp\/v2\/product_cat?post=12960"},{"taxonomy":"product_tag","embeddable":true,"href":"http:\/\/www.baterija.top\/sl\/wp-json\/wp\/v2\/product_tag?post=12960"}],"curies":[{"name":"wp","href":"https:\/\/api.w.org\/{rel}","templated":true}]}}