{"id":13410,"date":"2022-01-05T22:16:02","date_gmt":"2022-01-05T21:16:02","guid":{"rendered":"https:\/\/www.baterija.top\/product\/adowarka-prostownik-green-cell-do-akumulatorw-12v-6a\/"},"modified":"2022-01-12T19:33:10","modified_gmt":"2022-01-12T18:33:10","slug":"adowarka-prostownik-green-cell-do-akumulatorw-12v-6a","status":"publish","type":"product","link":"http:\/\/www.baterija.top\/sl\/izdelek\/adowarka-prostownik-green-cell-do-akumulatorw-12v-6a\/","title":{"rendered":"\u0141adowarka, prostownik Green Cell do akumulator\u00f3w 12V (6A)"},"content":{"rendered":"","protected":false},"excerpt":{"rendered":"<p>Garancija: 12 mesecev<\/p>\n<p>Mo\u010d: 72W<\/p>\n<p>Izhod: 6A (optimalna avtomatska dopasowanie)<\/p>\n<p>Barva: \u010drna<\/p>\n<p>Za\u0161\u010dita pred pregrevanjem: Da<\/p>\n<p>Za\u0161\u010dita pred preobremenitvijo: Da<\/p>\n<p>\u0160ifra izdelka: ACAGM10<\/p>\n<p>Proizvajalec: Green Cell<\/p>\n<p>Vklju\u010deno: \u0141adowarka (z klemami), instrukcja obs\u0142ugi<\/p>\n<p>Vhod: 100-240 V AC, 50\/60 Hz<\/p>\n<p>Zaznavanje obrnjene polarnosti: Tak<\/p>\n<p>Za\u0161\u010dita pred kratkim stikom: Tak<\/p>","protected":false},"featured_media":13405,"comment_status":"open","ping_status":"closed","template":"","meta":[],"product_cat":[225],"product_tag":[],"_links":{"self":[{"href":"http:\/\/www.baterija.top\/sl\/wp-json\/wp\/v2\/product\/13410"}],"collection":[{"href":"http:\/\/www.baterija.top\/sl\/wp-json\/wp\/v2\/product"}],"about":[{"href":"http:\/\/www.baterija.top\/sl\/wp-json\/wp\/v2\/types\/product"}],"replies":[{"embeddable":true,"href":"http:\/\/www.baterija.top\/sl\/wp-json\/wp\/v2\/comments?post=13410"}],"wp:featuredmedia":[{"embeddable":true,"href":"http:\/\/www.baterija.top\/sl\/wp-json\/wp\/v2\/media\/13405"}],"wp:attachment":[{"href":"http:\/\/www.baterija.top\/sl\/wp-json\/wp\/v2\/media?parent=13410"}],"wp:term":[{"taxonomy":"product_cat","embeddable":true,"href":"http:\/\/www.baterija.top\/sl\/wp-json\/wp\/v2\/product_cat?post=13410"},{"taxonomy":"product_tag","embeddable":true,"href":"http:\/\/www.baterija.top\/sl\/wp-json\/wp\/v2\/product_tag?post=13410"}],"curies":[{"name":"wp","href":"https:\/\/api.w.org\/{rel}","templated":true}]}}