{"id":2714,"date":"2022-01-01T13:25:37","date_gmt":"2022-01-01T12:25:37","guid":{"rendered":"https:\/\/www.baterija.top\/product\/gc-clarity-dust-proof-screen-protector-for-apple-iphone-7-plus-8-plus-black\/"},"modified":"2022-01-12T19:33:00","modified_gmt":"2022-01-12T18:33:00","slug":"gc-clarity-dust-proof-screen-protector-for-apple-iphone-7-plus-8-plus-black","status":"publish","type":"product","link":"http:\/\/www.baterija.top\/sl\/izdelek\/gc-clarity-dust-proof-screen-protector-for-apple-iphone-7-plus-8-plus-black\/","title":{"rendered":"GC Clarity za\u0161\u010ditna za\u0161\u010dita zaslona proti prahu za Apple iPhone 7 Plus, 8 Plus \u2013 \u010drna"},"content":{"rendered":"<p>Zdru\u017eljive naprave:<\/p>\n<p>Apple iPhone 8, Apple iPhone 7, <\/p>\n<p>Zdru\u017eljivi modeli:<\/p>","protected":false},"excerpt":{"rendered":"<p>Garancija: 6 mesecev<\/p>\n<p>\u0160ifra izdelka: GL08DP<\/p>\n<p>Proizvajalec: Green Cell<\/p>\n<p>Model: Apple iPhone 7 Plus, 8 Plus<\/p>\n<p>Prilo\u017eeno: steklo GC Clarity, mikrovlakna, mokri rob\u010dek, nalepka za odstranjevanje prahu, aplikator<\/p>\n<p>Serija: Dust Proof<\/p>\n<p>Stekleni robovi: 3D<\/p>\n<p>Debelina: 0,33 mm<\/p>\n<p>Tehnika lepljenja: polno lepilo<\/p>\n<p>Odpornost na praske (trdota): 9H<\/p>","protected":false},"featured_media":401,"comment_status":"open","ping_status":"closed","template":"","meta":[],"product_cat":[178],"product_tag":[],"_links":{"self":[{"href":"http:\/\/www.baterija.top\/sl\/wp-json\/wp\/v2\/product\/2714"}],"collection":[{"href":"http:\/\/www.baterija.top\/sl\/wp-json\/wp\/v2\/product"}],"about":[{"href":"http:\/\/www.baterija.top\/sl\/wp-json\/wp\/v2\/types\/product"}],"replies":[{"embeddable":true,"href":"http:\/\/www.baterija.top\/sl\/wp-json\/wp\/v2\/comments?post=2714"}],"wp:featuredmedia":[{"embeddable":true,"href":"http:\/\/www.baterija.top\/sl\/wp-json\/wp\/v2\/media\/401"}],"wp:attachment":[{"href":"http:\/\/www.baterija.top\/sl\/wp-json\/wp\/v2\/media?parent=2714"}],"wp:term":[{"taxonomy":"product_cat","embeddable":true,"href":"http:\/\/www.baterija.top\/sl\/wp-json\/wp\/v2\/product_cat?post=2714"},{"taxonomy":"product_tag","embeddable":true,"href":"http:\/\/www.baterija.top\/sl\/wp-json\/wp\/v2\/product_tag?post=2714"}],"curies":[{"name":"wp","href":"https:\/\/api.w.org\/{rel}","templated":true}]}}