{"id":2719,"date":"2022-01-01T13:25:38","date_gmt":"2022-01-01T12:25:38","guid":{"rendered":"https:\/\/www.baterija.top\/product\/green-cell-ups-online-mpii-1000va-lcd\/"},"modified":"2022-01-12T19:33:00","modified_gmt":"2022-01-12T18:33:00","slug":"green-cell-ups-online-mpii-1000va-lcd","status":"publish","type":"product","link":"http:\/\/www.baterija.top\/sl\/izdelek\/green-cell-ups-online-mpii-1000va-lcd\/","title":{"rendered":"Green Cell UPS Online MPII 1000VA LCD"},"content":{"rendered":"","protected":false},"excerpt":{"rendered":"<p>Garancija: 24 mesecev (12 mesecev za baterijo)<\/p>\n<p>Mo\u010d: 1000VA (900W)<\/p>\n<p>Vrsta: na spletu<\/p>\n<p>Za\u0161\u010dita pred preobremenitvijo: Da<\/p>\n<p>\u0160ifra izdelka: UPS10<\/p>\n<p>Proizvajalec: Green Cell<\/p>\n<p>Prenapetostna za\u0161\u010dita: Da<\/p>\n<p>Velikost: 144 x 215 x 400 mm<\/p>\n<p>Te\u017ea: 9<\/p>\n<p>Indikator: LCD plo\u0161\u010da (obremenitev)<\/p>\n<p>Vhodna napetost: 110-290V<\/p>\n<p>Vhodna frekvenca: 45-70 Hz (zaznano samodejno)<\/p>\n<p>Izhodna napetost: 200\/208\/220\/230\/240V AC<\/p>\n<p>Izhodna frekvenca: 50Hz \/ 60Hz<\/p>\n<p>Baterije: 1x 12V 9Ah baterija \u2013 \u017eivljenjska doba baterije pri obremenitvi 100% 3-5min (prikazano na LCD zaslonu)<\/p>\n<p>Vti\u010dnice: 3x IEC320 C13-10A (razdeljene na dva segmenta z mo\u017enostjo dodelitve lo\u010denih nastavitev)<\/p>","protected":false},"featured_media":431,"comment_status":"open","ping_status":"closed","template":"","meta":[],"product_cat":[190],"product_tag":[],"_links":{"self":[{"href":"http:\/\/www.baterija.top\/sl\/wp-json\/wp\/v2\/product\/2719"}],"collection":[{"href":"http:\/\/www.baterija.top\/sl\/wp-json\/wp\/v2\/product"}],"about":[{"href":"http:\/\/www.baterija.top\/sl\/wp-json\/wp\/v2\/types\/product"}],"replies":[{"embeddable":true,"href":"http:\/\/www.baterija.top\/sl\/wp-json\/wp\/v2\/comments?post=2719"}],"wp:featuredmedia":[{"embeddable":true,"href":"http:\/\/www.baterija.top\/sl\/wp-json\/wp\/v2\/media\/431"}],"wp:attachment":[{"href":"http:\/\/www.baterija.top\/sl\/wp-json\/wp\/v2\/media?parent=2719"}],"wp:term":[{"taxonomy":"product_cat","embeddable":true,"href":"http:\/\/www.baterija.top\/sl\/wp-json\/wp\/v2\/product_cat?post=2719"},{"taxonomy":"product_tag","embeddable":true,"href":"http:\/\/www.baterija.top\/sl\/wp-json\/wp\/v2\/product_tag?post=2719"}],"curies":[{"name":"wp","href":"https:\/\/api.w.org\/{rel}","templated":true}]}}