{"id":2757,"date":"2022-01-01T13:25:44","date_gmt":"2022-01-01T12:25:44","guid":{"rendered":"https:\/\/www.baterija.top\/product\/green-cell-car-power-inverter-24v-for-230v-300w-600w-full-sine-wave\/"},"modified":"2022-01-12T19:33:02","modified_gmt":"2022-01-12T18:33:02","slug":"green-cell-car-power-inverter-24v-for-230v-300w-600w-full-sine-wave","status":"publish","type":"product","link":"http:\/\/www.baterija.top\/sl\/izdelek\/green-cell-car-power-inverter-24v-for-230v-300w-600w-full-sine-wave\/","title":{"rendered":"Green Cell avtomobilski pretvornik mo\u010di 24V za 230V, 300W\/600W poln sinusni val"},"content":{"rendered":"","protected":false},"excerpt":{"rendered":"<p>Garancija: 24 mesecev<\/p>\n<p>Izhod: 1x omre\u017ena vti\u010dnica<\/p>\n<p>Barva: \u010drna<\/p>\n<p>Za\u0161\u010dita pred pregrevanjem: Da<\/p>\n<p>\u0160ifra izdelka: INV14<\/p>\n<p>Proizvajalec: Green Cell<\/p>\n<p>Prenapetostna za\u0161\u010dita: Da<\/p>\n<p>Velikost: 6<\/p>\n<p>Te\u017ea: 836g<\/p>\n<p>Indikator: LED indikatorji<\/p>\n<p>Vhodna napetost: 24V DC<\/p>\n<p>Izhodna napetost: 230V AC<\/p>\n<p>Izhodna frekvenca: 50Hz<\/p>\n<p>Oblika izhodne napetosti: Polni sinusni val<\/p>\n<p>U\u010dinkovitost: 85%<\/p>\n<p>Prilo\u017eeno: 1x priklju\u010dni kabel za v\u017eigalnik<\/p>\n<p>Uporabna mo\u010d (trajno): 300W<\/p>\n<p>Trenutna mo\u010d (impulzivna): 600W<\/p>\n<p>Ostalo: Hlajenje s Turbo Cooling ventilatorjem<\/p>","protected":false},"featured_media":659,"comment_status":"open","ping_status":"closed","template":"","meta":[],"product_cat":[197],"product_tag":[],"_links":{"self":[{"href":"http:\/\/www.baterija.top\/sl\/wp-json\/wp\/v2\/product\/2757"}],"collection":[{"href":"http:\/\/www.baterija.top\/sl\/wp-json\/wp\/v2\/product"}],"about":[{"href":"http:\/\/www.baterija.top\/sl\/wp-json\/wp\/v2\/types\/product"}],"replies":[{"embeddable":true,"href":"http:\/\/www.baterija.top\/sl\/wp-json\/wp\/v2\/comments?post=2757"}],"wp:featuredmedia":[{"embeddable":true,"href":"http:\/\/www.baterija.top\/sl\/wp-json\/wp\/v2\/media\/659"}],"wp:attachment":[{"href":"http:\/\/www.baterija.top\/sl\/wp-json\/wp\/v2\/media?parent=2757"}],"wp:term":[{"taxonomy":"product_cat","embeddable":true,"href":"http:\/\/www.baterija.top\/sl\/wp-json\/wp\/v2\/product_cat?post=2757"},{"taxonomy":"product_tag","embeddable":true,"href":"http:\/\/www.baterija.top\/sl\/wp-json\/wp\/v2\/product_tag?post=2757"}],"curies":[{"name":"wp","href":"https:\/\/api.w.org\/{rel}","templated":true}]}}