{"id":2769,"date":"2022-01-01T13:26:36","date_gmt":"2022-01-01T12:26:36","guid":{"rendered":"https:\/\/www.baterija.top\/product\/green-cell-charger-for-accumulators-6v-12v-4a-z-funkcj-inteligentnej-diagnostyki\/"},"modified":"2022-01-12T19:33:09","modified_gmt":"2022-01-12T18:33:09","slug":"green-cell-charger-for-accumulators-6v-12v-4a-z-funkcj-inteligentnej-diagnostyki","status":"publish","type":"product","link":"http:\/\/www.baterija.top\/sl\/izdelek\/green-cell-charger-for-accumulators-6v-12v-4a-z-funkcj-inteligentnej-diagnostyki\/","title":{"rendered":"Green Cell Polnilec za akumulatorje 6V \/ 12V (4A) z funkcj\u0105 inteligentnej diagnostyki"},"content":{"rendered":"","protected":false},"excerpt":{"rendered":"<p>Garancija: 12 mesecev<\/p>\n<p>Mo\u010d: 48W<\/p>\n<p>Izhod: 12,8V-3A, 12V-4A, 12V-0,9A, 6V-4A<\/p>\n<p>Barva: \u010drna<\/p>\n<p>Za\u0161\u010dita pred preobremenitvijo: Da<\/p>\n<p>Product code: ACAGM07<\/p>\n<p>Proizvajalec: Green Cell<\/p>\n<p>Size: 211.3 x 84.4 x 49 mm<\/p>\n<p>Prilo\u017eeno: polnilec (s sponkami), uporabni\u0161ki priro\u010dnik<\/p>\n<p>Input: 220-240V AC, 50 Hz, 0,6A<\/p>\n<p>Za\u0161\u010dita pred kratkim stikom: Tak<\/p>","protected":false},"featured_media":171,"comment_status":"open","ping_status":"closed","template":"","meta":[],"product_cat":[225],"product_tag":[],"_links":{"self":[{"href":"http:\/\/www.baterija.top\/sl\/wp-json\/wp\/v2\/product\/2769"}],"collection":[{"href":"http:\/\/www.baterija.top\/sl\/wp-json\/wp\/v2\/product"}],"about":[{"href":"http:\/\/www.baterija.top\/sl\/wp-json\/wp\/v2\/types\/product"}],"replies":[{"embeddable":true,"href":"http:\/\/www.baterija.top\/sl\/wp-json\/wp\/v2\/comments?post=2769"}],"wp:featuredmedia":[{"embeddable":true,"href":"http:\/\/www.baterija.top\/sl\/wp-json\/wp\/v2\/media\/171"}],"wp:attachment":[{"href":"http:\/\/www.baterija.top\/sl\/wp-json\/wp\/v2\/media?parent=2769"}],"wp:term":[{"taxonomy":"product_cat","embeddable":true,"href":"http:\/\/www.baterija.top\/sl\/wp-json\/wp\/v2\/product_cat?post=2769"},{"taxonomy":"product_tag","embeddable":true,"href":"http:\/\/www.baterija.top\/sl\/wp-json\/wp\/v2\/product_tag?post=2769"}],"curies":[{"name":"wp","href":"https:\/\/api.w.org\/{rel}","templated":true}]}}