{"id":2770,"date":"2022-01-01T13:26:36","date_gmt":"2022-01-01T12:26:36","guid":{"rendered":"https:\/\/www.baterija.top\/product\/green-cell-charger-for-accumulators-2v-6v-12v-0-6a\/"},"modified":"2022-01-12T19:33:10","modified_gmt":"2022-01-12T18:33:10","slug":"green-cell-charger-for-accumulators-2v-6v-12v-0-6a","status":"publish","type":"product","link":"http:\/\/www.baterija.top\/sl\/izdelek\/green-cell-charger-for-accumulators-2v-6v-12v-0-6a\/","title":{"rendered":"Green Cell Polnilnik za akumulatorje 2V \/ 6V \/ 12V (0.6A)"},"content":{"rendered":"","protected":false},"excerpt":{"rendered":"<p>Garancija: 12 mesecev<\/p>\n<p>Mo\u010d: 7,2W<\/p>\n<p>Izhod: 12V-0.6A, 6V-0.6A, 2V-0.6A<\/p>\n<p>Barva: \u010drna<\/p>\n<p>Za\u0161\u010dita pred preobremenitvijo: Da<\/p>\n<p>\u0160ifra izdelka: ACAGM05<\/p>\n<p>Proizvajalec: Green Cell<\/p>\n<p>Prilo\u017eeno: polnilec (s sponkami), uporabni\u0161ki priro\u010dnik<\/p>\n<p>Vhod: 220-240 V AC, 50 Hz, 100 mA<\/p>\n<p>Zaznavanje obrnjene polarnosti: Tak<\/p>\n<p>Za\u0161\u010dita pred kratkim stikom: Tak<\/p>","protected":false},"featured_media":177,"comment_status":"open","ping_status":"closed","template":"","meta":[],"product_cat":[225],"product_tag":[],"_links":{"self":[{"href":"http:\/\/www.baterija.top\/sl\/wp-json\/wp\/v2\/product\/2770"}],"collection":[{"href":"http:\/\/www.baterija.top\/sl\/wp-json\/wp\/v2\/product"}],"about":[{"href":"http:\/\/www.baterija.top\/sl\/wp-json\/wp\/v2\/types\/product"}],"replies":[{"embeddable":true,"href":"http:\/\/www.baterija.top\/sl\/wp-json\/wp\/v2\/comments?post=2770"}],"wp:featuredmedia":[{"embeddable":true,"href":"http:\/\/www.baterija.top\/sl\/wp-json\/wp\/v2\/media\/177"}],"wp:attachment":[{"href":"http:\/\/www.baterija.top\/sl\/wp-json\/wp\/v2\/media?parent=2770"}],"wp:term":[{"taxonomy":"product_cat","embeddable":true,"href":"http:\/\/www.baterija.top\/sl\/wp-json\/wp\/v2\/product_cat?post=2770"},{"taxonomy":"product_tag","embeddable":true,"href":"http:\/\/www.baterija.top\/sl\/wp-json\/wp\/v2\/product_tag?post=2770"}],"curies":[{"name":"wp","href":"https:\/\/api.w.org\/{rel}","templated":true}]}}