{"id":5563,"date":"2022-01-02T10:38:11","date_gmt":"2022-01-02T09:38:11","guid":{"rendered":"https:\/\/www.baterija.top\/product\/5x-lithium-green-cell-cr2025-3v-160mah-batteries\/"},"modified":"2022-01-12T19:32:51","modified_gmt":"2022-01-12T18:32:51","slug":"5x-lithium-green-cell-cr2025-3v-160mah-batteries","status":"publish","type":"product","link":"http:\/\/www.baterija.top\/sl\/izdelek\/5x-lithium-green-cell-cr2025-3v-160mah-batteries\/","title":{"rendered":"5x litijeve baterije Green Cell CR2025 3V 160mAh"},"content":{"rendered":"<p>Zdru\u017eljive naprave:<\/p>\n<p>SICE ZAKAJ EVO, BENINCA IO, BERNER BHS211, CHAMBERLAIN 94334E, ECOSTAR RSC2, ECOSTAR RSE2, FERPORT TAC2KR, H\u00d6RMANN EcoStar Lifrtonic, H\u00f6rmann Ecostar RSC2, H\u00d6RMANN ECOSTAR RSE2, H\u00d6RMANN FIT2 868, H\u00d6RMANN HSD 2, H\u00d6RMANN HSD 2, H\u00d6RMANN HSD2 868, H\u00d6RMANN HSP4, LIFTMASTER 94334E, LIMUS ONE RSC2, MOTORLIFT 84334EML, PRASTEL MPSTP2E, PRASTEL MT2E, PRASTEL MT4E, PROEM SE4C4F, CR 2025, <\/p>\n<p>Zdru\u017eljivi modeli:<\/p>\n<p>2025, CR2025, <\/p>","protected":false},"excerpt":{"rendered":"<p>Garancija: 24 mesecev<\/p>\n<p>Mo\u010d: 160 mAh<\/p>\n<p>Napetost: 3V<\/p>\n<p>Vrsta: Li<\/p>\n<p>Koda izdelka: XCR04<\/p>\n<p>Proizvajalec: Green Cell<\/p>\n<p>Velikost: 19,8 mm x 2,4 mm<\/p>\n<p>Te\u017ea: 2,4g<\/p>\n<p>Delovna temperatura: -18\u00b0C \u2013 50\u00b0C<\/p>","protected":false},"featured_media":5558,"comment_status":"open","ping_status":"closed","template":"","meta":[],"product_cat":[166],"product_tag":[],"_links":{"self":[{"href":"http:\/\/www.baterija.top\/sl\/wp-json\/wp\/v2\/product\/5563"}],"collection":[{"href":"http:\/\/www.baterija.top\/sl\/wp-json\/wp\/v2\/product"}],"about":[{"href":"http:\/\/www.baterija.top\/sl\/wp-json\/wp\/v2\/types\/product"}],"replies":[{"embeddable":true,"href":"http:\/\/www.baterija.top\/sl\/wp-json\/wp\/v2\/comments?post=5563"}],"wp:featuredmedia":[{"embeddable":true,"href":"http:\/\/www.baterija.top\/sl\/wp-json\/wp\/v2\/media\/5558"}],"wp:attachment":[{"href":"http:\/\/www.baterija.top\/sl\/wp-json\/wp\/v2\/media?parent=5563"}],"wp:term":[{"taxonomy":"product_cat","embeddable":true,"href":"http:\/\/www.baterija.top\/sl\/wp-json\/wp\/v2\/product_cat?post=5563"},{"taxonomy":"product_tag","embeddable":true,"href":"http:\/\/www.baterija.top\/sl\/wp-json\/wp\/v2\/product_tag?post=5563"}],"curies":[{"name":"wp","href":"https:\/\/api.w.org\/{rel}","templated":true}]}}