{"id":6585,"date":"2022-01-02T12:22:48","date_gmt":"2022-01-02T11:22:48","guid":{"rendered":"https:\/\/www.baterija.top\/product\/battery-lithium-iron-phosphate-lifepo4-green-cell-12v-12-8v-125ah-for-photovoltaic-system-campers-and-boats\/"},"modified":"2022-01-12T19:33:07","modified_gmt":"2022-01-12T18:33:07","slug":"battery-lithium-iron-phosphate-lifepo4-green-cell-12v-12-8v-125ah-for-photovoltaic-system-campers-and-boats","status":"publish","type":"product","link":"http:\/\/www.baterija.top\/sl\/izdelek\/battery-lithium-iron-phosphate-lifepo4-green-cell-12v-12-8v-125ah-for-photovoltaic-system-campers-and-boats\/","title":{"rendered":"Baterija litij-\u017eelezo-fosfatna LiFePO4 Green Cell 12V 12.8V 125Ah za fotovoltai\u010dni sistem, kamperje in \u010dolne"},"content":{"rendered":"","protected":false},"excerpt":{"rendered":"<p>Garancija: 24 mesecev<\/p>\n<p>Napetost: 12,8V<\/p>\n<p>Vrsta: LiFePO<\/p>\n<p>Koda izdelka: CAV13<\/p>\n<p>Proizvajalec: Green Cell<\/p>\n<p>Size: 329*172*217 mm<\/p>\n<p>Weight: 12.72kg<\/p>\n<p>Capacity: 125 Ah<\/p>\n<p>Terminal: vijak M8<\/p>","protected":false},"featured_media":6580,"comment_status":"open","ping_status":"closed","template":"","meta":[],"product_cat":[219],"product_tag":[],"_links":{"self":[{"href":"http:\/\/www.baterija.top\/sl\/wp-json\/wp\/v2\/product\/6585"}],"collection":[{"href":"http:\/\/www.baterija.top\/sl\/wp-json\/wp\/v2\/product"}],"about":[{"href":"http:\/\/www.baterija.top\/sl\/wp-json\/wp\/v2\/types\/product"}],"replies":[{"embeddable":true,"href":"http:\/\/www.baterija.top\/sl\/wp-json\/wp\/v2\/comments?post=6585"}],"wp:featuredmedia":[{"embeddable":true,"href":"http:\/\/www.baterija.top\/sl\/wp-json\/wp\/v2\/media\/6580"}],"wp:attachment":[{"href":"http:\/\/www.baterija.top\/sl\/wp-json\/wp\/v2\/media?parent=6585"}],"wp:term":[{"taxonomy":"product_cat","embeddable":true,"href":"http:\/\/www.baterija.top\/sl\/wp-json\/wp\/v2\/product_cat?post=6585"},{"taxonomy":"product_tag","embeddable":true,"href":"http:\/\/www.baterija.top\/sl\/wp-json\/wp\/v2\/product_tag?post=6585"}],"curies":[{"name":"wp","href":"https:\/\/api.w.org\/{rel}","templated":true}]}}