{"id":6800,"date":"2022-01-02T12:39:31","date_gmt":"2022-01-02T11:39:31","guid":{"rendered":"https:\/\/www.baterija.top\/product\/agm-battery-lead-acid-12v-200ah-maintenance-free-green-cell-for-maintenance-free-green-cell-for-electric-motor-and-dinghy\/"},"modified":"2022-01-12T19:33:08","modified_gmt":"2022-01-12T18:33:08","slug":"agm-battery-lead-acid-12v-200ah-maintenance-free-green-cell-for-maintenance-free-green-cell-for-electric-motor-and-dinghy","status":"publish","type":"product","link":"http:\/\/www.baterija.top\/sl\/izdelek\/agm-battery-lead-acid-12v-200ah-maintenance-free-green-cell-for-maintenance-free-green-cell-for-electric-motor-and-dinghy\/","title":{"rendered":"AGM baterija svin\u010dena kislina 12V 200Ah brez vzdr\u017eevanja Green Cell za brez vzdr\u017eevanja Green Cell za elektromotor in gumenjak"},"content":{"rendered":"<p>Zdru\u017eljive naprave:<\/p>\n<p>Xjet XXL, APC Back, APC Smart, Accu Joblux 90, Cabrio B18, Cabrio B3, Cabrio B4, Cabrio B7, Cabrio B8, Pakiet APC RBC, Pakiet APC RBC1, Waga W02, Waga NWW, Waga WT, CB 4.5, TP 6 , <\/p>\n<p>Zdru\u017eljivi modeli:<\/p>\n<p>CB4.5-6, TP6-4.5, <\/p>","protected":false},"excerpt":{"rendered":"<p>Garancija: 24 mesecev<\/p>\n<p>Tip: VRLA AGM<\/p>\n<p>Barva: \u010drna<\/p>\n<p>Za\u0161\u010dita pred preobremenitvijo: Da<\/p>\n<p>Za\u0161\u010dita pred preobremenitvijo: Da<\/p>\n<p>\u0160ifra izdelka: AGM33<\/p>\n<p>Proizvajalec: Green Cell<\/p>\n<p>Prenapetostna za\u0161\u010dita: Da<\/p>\n<p>Te\u017ea: 57,50 kg<\/p>\n<p>Kapaciteta: 200 Ah<\/p>\n<p>Napetost: 12V<\/p>\n<p>Terminal: vijak M8<\/p>\n<p>Vitalnost: ve\u010d kot 5 let<\/p>","protected":false},"featured_media":6795,"comment_status":"open","ping_status":"closed","template":"","meta":[],"product_cat":[223],"product_tag":[],"_links":{"self":[{"href":"http:\/\/www.baterija.top\/sl\/wp-json\/wp\/v2\/product\/6800"}],"collection":[{"href":"http:\/\/www.baterija.top\/sl\/wp-json\/wp\/v2\/product"}],"about":[{"href":"http:\/\/www.baterija.top\/sl\/wp-json\/wp\/v2\/types\/product"}],"replies":[{"embeddable":true,"href":"http:\/\/www.baterija.top\/sl\/wp-json\/wp\/v2\/comments?post=6800"}],"wp:featuredmedia":[{"embeddable":true,"href":"http:\/\/www.baterija.top\/sl\/wp-json\/wp\/v2\/media\/6795"}],"wp:attachment":[{"href":"http:\/\/www.baterija.top\/sl\/wp-json\/wp\/v2\/media?parent=6800"}],"wp:term":[{"taxonomy":"product_cat","embeddable":true,"href":"http:\/\/www.baterija.top\/sl\/wp-json\/wp\/v2\/product_cat?post=6800"},{"taxonomy":"product_tag","embeddable":true,"href":"http:\/\/www.baterija.top\/sl\/wp-json\/wp\/v2\/product_tag?post=6800"}],"curies":[{"name":"wp","href":"https:\/\/api.w.org\/{rel}","templated":true}]}}