{"id":6806,"date":"2022-01-02T12:39:36","date_gmt":"2022-01-02T11:39:36","guid":{"rendered":"https:\/\/www.baterija.top\/product\/agm-battery-lead-acid-12v-5-3ah-maintenance-free-green-cell-for-alarm-and-car\/"},"modified":"2022-01-12T19:33:08","modified_gmt":"2022-01-12T18:33:08","slug":"agm-battery-lead-acid-12v-5-3ah-maintenance-free-green-cell-for-alarm-and-car","status":"publish","type":"product","link":"http:\/\/www.baterija.top\/sl\/izdelek\/agm-battery-lead-acid-12v-5-3ah-maintenance-free-green-cell-for-alarm-and-car\/","title":{"rendered":"AGM baterija svin\u010dena kislina 12V 5.3Ah brez vzdr\u017eevanja Green Cell za alarm in avto"},"content":{"rendered":"<p>Zdru\u017eljive naprave:<\/p>\n<p>AM 3.4, CB 3.2, TP 12, <\/p>\n<p>Zdru\u017eljivi modeli:<\/p>\n<p>CB3.2-12, NP3.2-12, TP12-3.2, <\/p>","protected":false},"excerpt":{"rendered":"<p>Garancija: 24 mesecev<\/p>\n<p>Napetost: 12V<\/p>\n<p>Tip: VRLA AGM<\/p>\n<p>Barva: \u010drna<\/p>\n<p>Za\u0161\u010dita pred preobremenitvijo: Da<\/p>\n<p>Za\u0161\u010dita pred preobremenitvijo: Da<\/p>\n<p>Koda izdelka: AGM45<\/p>\n<p>Proizvajalec: Green Cell<\/p>\n<p>Prenapetostna za\u0161\u010dita: Da<\/p>\n<p>Velikost: 90 \u00d7 70 \u00d7 107 mm<\/p>\n<p>Te\u017ea: 1,5 kg<\/p>\n<p>Kapaciteta: 5,3 Ah<\/p>","protected":false},"featured_media":6801,"comment_status":"open","ping_status":"closed","template":"","meta":[],"product_cat":[223],"product_tag":[],"_links":{"self":[{"href":"http:\/\/www.baterija.top\/sl\/wp-json\/wp\/v2\/product\/6806"}],"collection":[{"href":"http:\/\/www.baterija.top\/sl\/wp-json\/wp\/v2\/product"}],"about":[{"href":"http:\/\/www.baterija.top\/sl\/wp-json\/wp\/v2\/types\/product"}],"replies":[{"embeddable":true,"href":"http:\/\/www.baterija.top\/sl\/wp-json\/wp\/v2\/comments?post=6806"}],"wp:featuredmedia":[{"embeddable":true,"href":"http:\/\/www.baterija.top\/sl\/wp-json\/wp\/v2\/media\/6801"}],"wp:attachment":[{"href":"http:\/\/www.baterija.top\/sl\/wp-json\/wp\/v2\/media?parent=6806"}],"wp:term":[{"taxonomy":"product_cat","embeddable":true,"href":"http:\/\/www.baterija.top\/sl\/wp-json\/wp\/v2\/product_cat?post=6806"},{"taxonomy":"product_tag","embeddable":true,"href":"http:\/\/www.baterija.top\/sl\/wp-json\/wp\/v2\/product_tag?post=6806"}],"curies":[{"name":"wp","href":"https:\/\/api.w.org\/{rel}","templated":true}]}}