{"id":8106,"date":"2022-01-02T15:30:42","date_gmt":"2022-01-02T14:30:42","guid":{"rendered":"https:\/\/www.baterija.top\/product\/green-cell-pro-charger-ac-adapter-for-acer-aspire-one-531-533-1225-d255-d257-d260-d270-zg5-19v-2-15a-40w\/"},"modified":"2022-01-12T19:32:08","modified_gmt":"2022-01-12T18:32:08","slug":"green-cell-pro-charger-ac-adapter-for-acer-aspire-one-531-533-1225-d255-d257-d260-d270-zg5-19v-2-15a-40w","status":"publish","type":"product","link":"http:\/\/www.baterija.top\/sl\/izdelek\/green-cell-pro-charger-ac-adapter-for-acer-aspire-one-531-533-1225-d255-d257-d260-d270-zg5-19v-2-15a-40w\/","title":{"rendered":"Green Cell PRO polnilnik AC adapter za Acer Aspire One 531 533 1225 D255 D257 D260 D270 ZG5 19V 2.15A 40W"},"content":{"rendered":"<p>Zdru\u017eljive naprave:<\/p>\n<p>Acer Aspire One D260-2BQGKK, Acer Aspire One D260-2BQGSS, Acer Aspire One D260-2BQKK, Acer Aspire One D260-2BQPU, Acer Aspire One D260-2BQSS, Acer Aspire One D260-2DQKK, Acer Aspire One D260-2DQPU, Acer Aspire One D260-2DQSS, Acer Aspire One D260-2DQUU, Acer Aspire One, Acer Aspire One AOD260-2BQGKK, Acer Aspire One AOD260-2BQGSS, Acer Aspire One AOD260-2BQKK, Acer Aspire One AOD260-2BQPU, Acer Aspire One AOD260-2BQSS, Acer Aspire One AOD260-2DQKK, Acer Aspire One AOD260-2DQPU, Acer Aspire One AOD260-2DQSS, Acer Aspire One AOD260-2DQUU, Gateway VR46, Acer TravelMate B115, Acer TravelMate B115-M, Acer TravelMate B115-MP, Acer Aspire MS2219, Acer Aspire MS2220, Acer Aspire MS2253, Acer Aspire MS2254, Acer Aspire MS2274, Acer Aspire MS2285, Acer Aspire One D260-N51B, eMachines EM355, Acer Aspire MS2221, Gateway NE522, Gateway NE572, eMachines EM350, Acer Aspire MS2292, eMachines NAV51, Acer ADP, Acer PA-1400, Delta Electronics ADP, LITEON PA-1400 <\/p>\n<p>Zdru\u017eljivi modeli:<\/p>","protected":false},"excerpt":{"rendered":"<p>Garancija: 36 mesecev<\/p>\n<p>Mo\u010d: 40W<\/p>\n<p>Napetost: 19V<\/p>\n<p>Barva: \u010drna<\/p>\n<p>Koda izdelka: AD53P<\/p>\n<p>Proizvajalec: Green Cell<\/p>\n<p>Ampera\u017ea: 2,15 A<\/p>\n<p>Velikost: 21 x 13 x 5,5 cm<\/p>\n<p>Te\u017ea: 150g<\/p>\n<p>Prilo\u017eeno: napajalni kabel 1,2 m, uporabni\u0161ki priro\u010dnik, garancijski list<\/p>\n<p>Vrsta vti\u010da: okrogel (5,5\u20131,7 mm)<\/p>\n<p>Serija: PRO<\/p>\n<p>Varnost: termi\u010dna, prenapetostna, za\u0161\u010dita pred kratkim stikom<\/p>\n<p>Skupna dol\u017eina kabla: nad 2m<\/p>","protected":false},"featured_media":8101,"comment_status":"open","ping_status":"closed","template":"","meta":[],"product_cat":[61],"product_tag":[],"_links":{"self":[{"href":"http:\/\/www.baterija.top\/sl\/wp-json\/wp\/v2\/product\/8106"}],"collection":[{"href":"http:\/\/www.baterija.top\/sl\/wp-json\/wp\/v2\/product"}],"about":[{"href":"http:\/\/www.baterija.top\/sl\/wp-json\/wp\/v2\/types\/product"}],"replies":[{"embeddable":true,"href":"http:\/\/www.baterija.top\/sl\/wp-json\/wp\/v2\/comments?post=8106"}],"wp:featuredmedia":[{"embeddable":true,"href":"http:\/\/www.baterija.top\/sl\/wp-json\/wp\/v2\/media\/8101"}],"wp:attachment":[{"href":"http:\/\/www.baterija.top\/sl\/wp-json\/wp\/v2\/media?parent=8106"}],"wp:term":[{"taxonomy":"product_cat","embeddable":true,"href":"http:\/\/www.baterija.top\/sl\/wp-json\/wp\/v2\/product_cat?post=8106"},{"taxonomy":"product_tag","embeddable":true,"href":"http:\/\/www.baterija.top\/sl\/wp-json\/wp\/v2\/product_tag?post=8106"}],"curies":[{"name":"wp","href":"https:\/\/api.w.org\/{rel}","templated":true}]}}