{"id":8190,"date":"2022-01-02T15:39:34","date_gmt":"2022-01-02T14:39:34","guid":{"rendered":"https:\/\/www.baterija.top\/product\/green-cell-pro-charger-ac-adapter-for-asus-n501j-n501jw-zenbook-pro-ux501-ux501j-ux501jw-ux501v-ux501vw-19v-6-32a-120w\/"},"modified":"2022-01-12T19:32:09","modified_gmt":"2022-01-12T18:32:09","slug":"green-cell-pro-charger-ac-adapter-for-asus-n501j-n501jw-zenbook-pro-ux501-ux501j-ux501jw-ux501v-ux501vw-19v-6-32a-120w","status":"publish","type":"product","link":"http:\/\/www.baterija.top\/sl\/izdelek\/green-cell-pro-charger-ac-adapter-for-asus-n501j-n501jw-zenbook-pro-ux501-ux501j-ux501jw-ux501v-ux501vw-19v-6-32a-120w\/","title":{"rendered":"Green Cell PRO polnilec AC adapter za Asus N501J N501JW Zenbook Pro UX501 UX501J UX501JW UX501V UX501VW 19V 6.32A 120W"},"content":{"rendered":"<p>Zdru\u017eljive naprave:<\/p>\n<p>Asus N501, Asus N501J, Asus N501JW, Asus N501V, Asus N501VW, Asus ROG G501, Asus ROG G501J, Asus ROG G501JW, Asus ROG G501V, Asus ROG G501VW, Asus ZenBook Pro, Asus Zenbook Pro, Asus A15, Asus ADP, LITEON A15, LITEON ADP, LITEON PA-1121, Asus PA-1121, <\/p>\n<p>Zdru\u017eljivi modeli:<\/p>","protected":false},"excerpt":{"rendered":"<p>Garancija: 36 mesecev<\/p>\n<p>Mo\u010d: 120W<\/p>\n<p>Napetost: 19V<\/p>\n<p>Barva: \u010drna<\/p>\n<p>Product code: AD103P<\/p>\n<p>Proizvajalec: Green Cell<\/p>\n<p>Amperage: 6.32A<\/p>\n<p>Velikost: 15,3 x 6,5 x 3,7 cm<\/p>\n<p>Te\u017ea: 558 g<\/p>\n<p>Prilo\u017eeno: napajalni kabel 1,2 m, uporabni\u0161ki priro\u010dnik, garancijski list<\/p>\n<p>Tip vti\u010da: okrogel z zati\u010dem (4,5-3,0 mm)<\/p>\n<p>Serija: PRO<\/p>\n<p>Varnost: termi\u010dna, prenapetostna, za\u0161\u010dita pred kratkim stikom<\/p>\n<p>Skupna dol\u017eina kabla: nad 2m<\/p>","protected":false},"featured_media":8185,"comment_status":"open","ping_status":"closed","template":"","meta":[],"product_cat":[63],"product_tag":[],"_links":{"self":[{"href":"http:\/\/www.baterija.top\/sl\/wp-json\/wp\/v2\/product\/8190"}],"collection":[{"href":"http:\/\/www.baterija.top\/sl\/wp-json\/wp\/v2\/product"}],"about":[{"href":"http:\/\/www.baterija.top\/sl\/wp-json\/wp\/v2\/types\/product"}],"replies":[{"embeddable":true,"href":"http:\/\/www.baterija.top\/sl\/wp-json\/wp\/v2\/comments?post=8190"}],"wp:featuredmedia":[{"embeddable":true,"href":"http:\/\/www.baterija.top\/sl\/wp-json\/wp\/v2\/media\/8185"}],"wp:attachment":[{"href":"http:\/\/www.baterija.top\/sl\/wp-json\/wp\/v2\/media?parent=8190"}],"wp:term":[{"taxonomy":"product_cat","embeddable":true,"href":"http:\/\/www.baterija.top\/sl\/wp-json\/wp\/v2\/product_cat?post=8190"},{"taxonomy":"product_tag","embeddable":true,"href":"http:\/\/www.baterija.top\/sl\/wp-json\/wp\/v2\/product_tag?post=8190"}],"curies":[{"name":"wp","href":"https:\/\/api.w.org\/{rel}","templated":true}]}}