{"id":8615,"date":"2022-01-04T17:30:40","date_gmt":"2022-01-04T16:30:40","guid":{"rendered":"https:\/\/www.baterija.top\/product\/green-cell-pro-charger-ac-adapter-for-sony-vaio-pcg-r505-vgn-b-vgn-s-vgn-s360-vgn-t-vgn-ux-vgn-ux380n-16v-4a-64w\/"},"modified":"2022-01-12T19:32:12","modified_gmt":"2022-01-12T18:32:12","slug":"green-cell-pro-charger-ac-adapter-for-sony-vaio-pcg-r505-vgn-b-vgn-s-vgn-s360-vgn-t-vgn-ux-vgn-ux380n-16v-4a-64w","status":"publish","type":"product","link":"http:\/\/www.baterija.top\/sl\/izdelek\/green-cell-pro-charger-ac-adapter-for-sony-vaio-pcg-r505-vgn-b-vgn-s-vgn-s360-vgn-t-vgn-ux-vgn-ux380n-16v-4a-64w\/","title":{"rendered":"Green Cell PRO polnilec AC adapter za Sony Vaio PCG-R505 VGN-B VGN-S VGN-S360 VGN-T VGN-UX VGN-UX380N 16V 4A 64W"},"content":{"rendered":"<p>Zdru\u017eljive naprave:<\/p>\n<p>SONY VAIO VGN, Sony Vaio PCG, Sony Vaio VGN, Sony Vaio PCG-N, Sony Vaio S150, Sony Vaio S150P, Sony Vaio VGN-TX3, Sony Vaio VGN-TX3XPL, Sony ADP64CB, Sony PCGA, Sony VGP, <\/p>\n<p>Zdru\u017eljivi modeli:<\/p>","protected":false},"excerpt":{"rendered":"<p>Garancija: 36 mesecev<\/p>\n<p>Mo\u010d: 64W<\/p>\n<p>Napetost: 16V<\/p>\n<p>Barva: \u010drna<\/p>\n<p>Product code: AD121P<\/p>\n<p>Proizvajalec: Green Cell<\/p>\n<p>Ampera\u017ea: 4A<\/p>\n<p>Velikost: 10,7 x 4,5 x 3 cm<\/p>\n<p>Te\u017ea: 218g<\/p>\n<p>Prilo\u017eeno: napajalni kabel 1,2 m, uporabni\u0161ki priro\u010dnik, garancijski list<\/p>\n<p>Tip vti\u010da: okrogel z zati\u010dem (6,5-4,4 mm)<\/p>\n<p>Serija: PRO<\/p>\n<p>Varnost: termi\u010dna, prenapetostna, za\u0161\u010dita pred kratkim stikom<\/p>\n<p>Skupna dol\u017eina kabla: nad 2m<\/p>","protected":false},"featured_media":8610,"comment_status":"open","ping_status":"closed","template":"","meta":[],"product_cat":[70],"product_tag":[],"_links":{"self":[{"href":"http:\/\/www.baterija.top\/sl\/wp-json\/wp\/v2\/product\/8615"}],"collection":[{"href":"http:\/\/www.baterija.top\/sl\/wp-json\/wp\/v2\/product"}],"about":[{"href":"http:\/\/www.baterija.top\/sl\/wp-json\/wp\/v2\/types\/product"}],"replies":[{"embeddable":true,"href":"http:\/\/www.baterija.top\/sl\/wp-json\/wp\/v2\/comments?post=8615"}],"wp:featuredmedia":[{"embeddable":true,"href":"http:\/\/www.baterija.top\/sl\/wp-json\/wp\/v2\/media\/8610"}],"wp:attachment":[{"href":"http:\/\/www.baterija.top\/sl\/wp-json\/wp\/v2\/media?parent=8615"}],"wp:term":[{"taxonomy":"product_cat","embeddable":true,"href":"http:\/\/www.baterija.top\/sl\/wp-json\/wp\/v2\/product_cat?post=8615"},{"taxonomy":"product_tag","embeddable":true,"href":"http:\/\/www.baterija.top\/sl\/wp-json\/wp\/v2\/product_tag?post=8615"}],"curies":[{"name":"wp","href":"https:\/\/api.w.org\/{rel}","templated":true}]}}